{"id":16,"date":"2018-08-28T15:42:59","date_gmt":"2018-08-28T13:42:59","guid":{"rendered":"https:\/\/www.intercom-manufaktur.de\/?page_id=16"},"modified":"2020-11-20T13:02:33","modified_gmt":"2020-11-20T12:02:33","slug":"impressum","status":"publish","type":"page","link":"https:\/\/www.intercom-manufaktur.de\/?page_id=16","title":{"rendered":"IMPRESSUM"},"content":{"rendered":"<h1>\n\t\tIMPRESSUM\n\t<\/h1>\n<h1>\n\t\tIMPRESSUM\n\t<\/h1>\n\t<h3>Angaben gem\u00e4\u00df \u00a7 5 TMG:<\/h3>\n<strong>PR-Homesystem UG<\/strong><br \/>\nGesch\u00e4ftsf\u00fchrer Patrick Ramm<br \/>\nSchulstra\u00dfe 71<br \/>\n26810 Westoverledingen\n<h4>Kontakt:<\/h4>\nTelefon: 491608913003<br \/>\nE-Mail: info@PR-Homesystem.de\n<p>&nbsp;<\/p>\n<p>Bilderquelle: pexels.com<\/p>\n<p><a href=\"https:\/\/www.trialnerror.xyz\">Design &amp; Umsetzung TNE Webservices 2018<\/a><\/p>\n<p>&nbsp;<\/p>\n<p><em>Quelle: http:\/\/www.e-recht24.de<\/em><\/p>\n<p>&nbsp;<\/p>\n<h2>Haftungsausschluss (Disclaimer)<\/h2>\n<h3>Haftung f\u00fcr Inhalte<\/h3>\nAls Dienstanbieter sind wir gem\u00e4\u00df \u00a7 7 Abs.1 TMG f\u00fcr eigene Inhalte auf diesen Seiten nach den allgemeinen Gesetzen<br \/>\nverantwortlich. Nach \u00a7\u00a7 8 bis 10 TMG sind wir als Dienstanbieter jedoch nicht verpflichtet, \u00fcbermittelte oder gespeicherte<br \/>\nfremde Informationen zu \u00fcberwachen oder nach Umst\u00e4nden zu forschen, die auf eine rechtswidrige T\u00e4tigkeit hinweisen.<br \/>\nVerpflichtungen zur Entfernung oder Sperrung der Nutzung von Informationen nach den allgemeinen Gesetzen bleiben<br \/>\nhiervon unber\u00fchrt. Eine diesbez\u00fcgliche Haftung ist jedoch erst ab dem Zeitpunkt der Kenntnis einer konkreten<br \/>\nRechtsverletzung m\u00f6glich. Bei Bekanntwerden von entsprechenden Rechtsverletzungen werden wir diese Inhalte umgehend<br \/>\nentfernen.\n<h3>Haftung f\u00fcr Links<\/h3>\nUnser Angebot enth\u00e4lt Links zu externen Webseiten Dritter, auf deren Inhalte wir keinen Einfluss haben. Deshalb k\u00f6nnen wir<br \/>\nf\u00fcr diese fremden Inhalte auch keine Gew\u00e4hr \u00fcbernehmen. F\u00fcr die Inhalte der verlinkten Seiten ist stets der jeweilige Anbieter<br \/>\noder Betreiber der Seiten verantwortlich. Die verlinkten Seiten wurden zum Zeitpunkt der Verlinkung auf m\u00f6gliche<br \/>\nRechtsverst\u00f6\u00dfe \u00fcberpr\u00fcft. Rechtswidrige Inhalte waren zum Zeitpunkt der Verlinkung nicht erkennbar. Eine permanente<br \/>\ninhaltliche Kontrolle der verlinkten Seiten ist jedoch ohne konkrete Anhaltspunkte einer Rechtsverletzung nicht zumutbar. Bei<br \/>\nBekanntwerden von Rechtsverletzungen werden wir derartige Links umgehend entfernen.\n<h3>Urheberrecht<\/h3>\nDie durch die Seitenbetreiber erstellten Inhalte und Werke auf diesen Seiten unterliegen dem deutschen Urheberrecht. Die<br \/>\nVervielf\u00e4ltigung, Bearbeitung, Verbreitung und jede Art der Verwertung au\u00dferhalb der Grenzen des Urheberrechtes bed\u00fcrfen<br \/>\nder schriftlichen Zustimmung des jeweiligen Autors bzw. Erstellers. Downloads und Kopien dieser Seite sind nur f\u00fcr den<br \/>\nprivaten, nicht kommerziellen Gebrauch gestattet. Soweit die Inhalte auf dieser Seite nicht vom Betreiber erstellt wurden,<br \/>\nwerden die Urheberrechte Dritter beachtet. Insbesondere werden Inhalte Dritter als solche gekennzeichnet. Sollten Sie<br \/>\ntrotzdem auf eine Urheberrechtsverletzung aufmerksam werden, bitten wir um einen entsprechenden Hinweis. Bei<br \/>\nBekanntwerden von Rechtsverletzungen werden wir derartige Inhalte umgehend entfernen.\n<p><em>Quellverweis: eRecht24 Disclaimer<\/em><\/p>\n\t<h6><a href=\"http:\/\/www.pr-homesystem.de\">Copyright 2018 &#8211; INTERCOM MANUFAKTUR by PR HOMESYSTEM<\/a><\/h6>\n","protected":false},"excerpt":{"rendered":"<p>IMPRESSUM IMPRESSUM Angaben gem\u00e4\u00df \u00a7 5 TMG: PR-Homesystem UG Gesch\u00e4ftsf\u00fchrer Patrick Ramm Schulstra\u00dfe 71 26810 Westoverledingen Kontakt: Telefon: 491608913003 E-Mail: info@PR-Homesystem.de &nbsp; Bilderquelle: pexels.com Design &amp; Umsetzung TNE Webservices 2018 &nbsp; Quelle: http:\/\/www.e-recht24.de &nbsp; Haftungsausschluss (Disclaimer) Haftung f\u00fcr Inhalte Als Dienstanbieter sind wir gem\u00e4\u00df \u00a7 7 Abs.1 TMG f\u00fcr eigene Inhalte auf diesen Seiten nach&hellip;<\/p>\n","protected":false},"author":2,"featured_media":0,"parent":0,"menu_order":0,"comment_status":"closed","ping_status":"closed","template":"","meta":{"footnotes":""},"class_list":["post-16","page","type-page","status-publish","hentry"],"yoast_head":"<!-- This site is optimized with the Yoast SEO plugin v26.9 - https:\/\/yoast.com\/product\/yoast-seo-wordpress\/ -->\n<title>IMPRESSUM - Die Intercom Manufaktur<\/title>\n<meta name=\"robots\" content=\"index, follow, max-snippet:-1, max-image-preview:large, max-video-preview:-1\" \/>\n<link rel=\"canonical\" href=\"https:\/\/www.intercom-manufaktur.de\/?page_id=16\" \/>\n<meta property=\"og:locale\" content=\"de_DE\" \/>\n<meta property=\"og:type\" content=\"article\" \/>\n<meta property=\"og:title\" content=\"IMPRESSUM - Die Intercom Manufaktur\" \/>\n<meta property=\"og:description\" content=\"IMPRESSUM IMPRESSUM Angaben gem\u00e4\u00df \u00a7 5 TMG: PR-Homesystem UG Gesch\u00e4ftsf\u00fchrer Patrick Ramm Schulstra\u00dfe 71 26810 Westoverledingen Kontakt: Telefon: 491608913003 E-Mail: info@PR-Homesystem.de &nbsp; Bilderquelle: pexels.com Design &amp; Umsetzung TNE Webservices 2018 &nbsp; Quelle: http:\/\/www.e-recht24.de &nbsp; Haftungsausschluss (Disclaimer) Haftung f\u00fcr Inhalte Als Dienstanbieter sind wir gem\u00e4\u00df \u00a7 7 Abs.1 TMG f\u00fcr eigene Inhalte auf diesen Seiten nach&hellip;\" \/>\n<meta property=\"og:url\" content=\"https:\/\/www.intercom-manufaktur.de\/?page_id=16\" \/>\n<meta property=\"og:site_name\" content=\"Die Intercom Manufaktur\" \/>\n<meta property=\"article:publisher\" content=\"https:\/\/www.facebook.com\/homesystem.de\" \/>\n<meta property=\"article:modified_time\" content=\"2020-11-20T12:02:33+00:00\" \/>\n<meta name=\"twitter:card\" content=\"summary_large_image\" \/>\n<meta name=\"twitter:label1\" content=\"Gesch\u00e4tzte Lesezeit\" \/>\n\t<meta name=\"twitter:data1\" content=\"2\u00a0Minuten\" \/>\n<script type=\"application\/ld+json\" class=\"yoast-schema-graph\">{\"@context\":\"https:\/\/schema.org\",\"@graph\":[{\"@type\":\"WebPage\",\"@id\":\"https:\/\/www.intercom-manufaktur.de\/?page_id=16\",\"url\":\"https:\/\/www.intercom-manufaktur.de\/?page_id=16\",\"name\":\"IMPRESSUM - Die Intercom Manufaktur\",\"isPartOf\":{\"@id\":\"https:\/\/www.intercom-manufaktur.de\/#website\"},\"datePublished\":\"2018-08-28T13:42:59+00:00\",\"dateModified\":\"2020-11-20T12:02:33+00:00\",\"breadcrumb\":{\"@id\":\"https:\/\/www.intercom-manufaktur.de\/?page_id=16#breadcrumb\"},\"inLanguage\":\"de\",\"potentialAction\":[{\"@type\":\"ReadAction\",\"target\":[\"https:\/\/www.intercom-manufaktur.de\/?page_id=16\"]}]},{\"@type\":\"BreadcrumbList\",\"@id\":\"https:\/\/www.intercom-manufaktur.de\/?page_id=16#breadcrumb\",\"itemListElement\":[{\"@type\":\"ListItem\",\"position\":1,\"name\":\"Startseite\",\"item\":\"https:\/\/www.intercom-manufaktur.de\/\"},{\"@type\":\"ListItem\",\"position\":2,\"name\":\"IMPRESSUM\"}]},{\"@type\":\"WebSite\",\"@id\":\"https:\/\/www.intercom-manufaktur.de\/#website\",\"url\":\"https:\/\/www.intercom-manufaktur.de\/\",\"name\":\"Die Intercom Manufaktur\",\"description\":\"\",\"publisher\":{\"@id\":\"https:\/\/www.intercom-manufaktur.de\/#organization\"},\"potentialAction\":[{\"@type\":\"SearchAction\",\"target\":{\"@type\":\"EntryPoint\",\"urlTemplate\":\"https:\/\/www.intercom-manufaktur.de\/?s={search_term_string}\"},\"query-input\":{\"@type\":\"PropertyValueSpecification\",\"valueRequired\":true,\"valueName\":\"search_term_string\"}}],\"inLanguage\":\"de\"},{\"@type\":\"Organization\",\"@id\":\"https:\/\/www.intercom-manufaktur.de\/#organization\",\"name\":\"Die Intercom Manufaktur\",\"url\":\"https:\/\/www.intercom-manufaktur.de\/\",\"logo\":{\"@type\":\"ImageObject\",\"inLanguage\":\"de\",\"@id\":\"https:\/\/www.intercom-manufaktur.de\/#\/schema\/logo\/image\/\",\"url\":\"https:\/\/www.intercom-manufaktur.de\/wp-content\/uploads\/2018\/11\/InterComFinal.png\",\"contentUrl\":\"https:\/\/www.intercom-manufaktur.de\/wp-content\/uploads\/2018\/11\/InterComFinal.png\",\"width\":5809,\"height\":1959,\"caption\":\"Die Intercom Manufaktur\"},\"image\":{\"@id\":\"https:\/\/www.intercom-manufaktur.de\/#\/schema\/logo\/image\/\"},\"sameAs\":[\"https:\/\/www.facebook.com\/homesystem.de\",\"https:\/\/www.instagram.com\/prhomesystem\/\"]}]}<\/script>\n<!-- \/ Yoast SEO plugin. -->","yoast_head_json":{"title":"IMPRESSUM - Die Intercom Manufaktur","robots":{"index":"index","follow":"follow","max-snippet":"max-snippet:-1","max-image-preview":"max-image-preview:large","max-video-preview":"max-video-preview:-1"},"canonical":"https:\/\/www.intercom-manufaktur.de\/?page_id=16","og_locale":"de_DE","og_type":"article","og_title":"IMPRESSUM - Die Intercom Manufaktur","og_description":"IMPRESSUM IMPRESSUM Angaben gem\u00e4\u00df \u00a7 5 TMG: PR-Homesystem UG Gesch\u00e4ftsf\u00fchrer Patrick Ramm Schulstra\u00dfe 71 26810 Westoverledingen Kontakt: Telefon: 491608913003 E-Mail: info@PR-Homesystem.de &nbsp; Bilderquelle: pexels.com Design &amp; Umsetzung TNE Webservices 2018 &nbsp; Quelle: http:\/\/www.e-recht24.de &nbsp; Haftungsausschluss (Disclaimer) Haftung f\u00fcr Inhalte Als Dienstanbieter sind wir gem\u00e4\u00df \u00a7 7 Abs.1 TMG f\u00fcr eigene Inhalte auf diesen Seiten nach&hellip;","og_url":"https:\/\/www.intercom-manufaktur.de\/?page_id=16","og_site_name":"Die Intercom Manufaktur","article_publisher":"https:\/\/www.facebook.com\/homesystem.de","article_modified_time":"2020-11-20T12:02:33+00:00","twitter_card":"summary_large_image","twitter_misc":{"Gesch\u00e4tzte Lesezeit":"2\u00a0Minuten"},"schema":{"@context":"https:\/\/schema.org","@graph":[{"@type":"WebPage","@id":"https:\/\/www.intercom-manufaktur.de\/?page_id=16","url":"https:\/\/www.intercom-manufaktur.de\/?page_id=16","name":"IMPRESSUM - Die Intercom Manufaktur","isPartOf":{"@id":"https:\/\/www.intercom-manufaktur.de\/#website"},"datePublished":"2018-08-28T13:42:59+00:00","dateModified":"2020-11-20T12:02:33+00:00","breadcrumb":{"@id":"https:\/\/www.intercom-manufaktur.de\/?page_id=16#breadcrumb"},"inLanguage":"de","potentialAction":[{"@type":"ReadAction","target":["https:\/\/www.intercom-manufaktur.de\/?page_id=16"]}]},{"@type":"BreadcrumbList","@id":"https:\/\/www.intercom-manufaktur.de\/?page_id=16#breadcrumb","itemListElement":[{"@type":"ListItem","position":1,"name":"Startseite","item":"https:\/\/www.intercom-manufaktur.de\/"},{"@type":"ListItem","position":2,"name":"IMPRESSUM"}]},{"@type":"WebSite","@id":"https:\/\/www.intercom-manufaktur.de\/#website","url":"https:\/\/www.intercom-manufaktur.de\/","name":"Die Intercom Manufaktur","description":"","publisher":{"@id":"https:\/\/www.intercom-manufaktur.de\/#organization"},"potentialAction":[{"@type":"SearchAction","target":{"@type":"EntryPoint","urlTemplate":"https:\/\/www.intercom-manufaktur.de\/?s={search_term_string}"},"query-input":{"@type":"PropertyValueSpecification","valueRequired":true,"valueName":"search_term_string"}}],"inLanguage":"de"},{"@type":"Organization","@id":"https:\/\/www.intercom-manufaktur.de\/#organization","name":"Die Intercom Manufaktur","url":"https:\/\/www.intercom-manufaktur.de\/","logo":{"@type":"ImageObject","inLanguage":"de","@id":"https:\/\/www.intercom-manufaktur.de\/#\/schema\/logo\/image\/","url":"https:\/\/www.intercom-manufaktur.de\/wp-content\/uploads\/2018\/11\/InterComFinal.png","contentUrl":"https:\/\/www.intercom-manufaktur.de\/wp-content\/uploads\/2018\/11\/InterComFinal.png","width":5809,"height":1959,"caption":"Die Intercom Manufaktur"},"image":{"@id":"https:\/\/www.intercom-manufaktur.de\/#\/schema\/logo\/image\/"},"sameAs":["https:\/\/www.facebook.com\/homesystem.de","https:\/\/www.instagram.com\/prhomesystem\/"]}]}},"_links":{"self":[{"href":"https:\/\/www.intercom-manufaktur.de\/index.php?rest_route=\/wp\/v2\/pages\/16","targetHints":{"allow":["GET"]}}],"collection":[{"href":"https:\/\/www.intercom-manufaktur.de\/index.php?rest_route=\/wp\/v2\/pages"}],"about":[{"href":"https:\/\/www.intercom-manufaktur.de\/index.php?rest_route=\/wp\/v2\/types\/page"}],"author":[{"embeddable":true,"href":"https:\/\/www.intercom-manufaktur.de\/index.php?rest_route=\/wp\/v2\/users\/2"}],"replies":[{"embeddable":true,"href":"https:\/\/www.intercom-manufaktur.de\/index.php?rest_route=%2Fwp%2Fv2%2Fcomments&post=16"}],"version-history":[{"count":9,"href":"https:\/\/www.intercom-manufaktur.de\/index.php?rest_route=\/wp\/v2\/pages\/16\/revisions"}],"predecessor-version":[{"id":239,"href":"https:\/\/www.intercom-manufaktur.de\/index.php?rest_route=\/wp\/v2\/pages\/16\/revisions\/239"}],"wp:attachment":[{"href":"https:\/\/www.intercom-manufaktur.de\/index.php?rest_route=%2Fwp%2Fv2%2Fmedia&parent=16"}],"curies":[{"name":"wp","href":"https:\/\/api.w.org\/{rel}","templated":true}]}}